{"id":9,"date":"2017-06-15T21:09:02","date_gmt":"2017-06-15T18:09:02","guid":{"rendered":"http:\/\/mancichem.com.tr\/?page_id=9"},"modified":"2024-03-22T18:51:41","modified_gmt":"2024-03-22T15:51:41","slug":"bize-ulasin","status":"publish","type":"page","link":"https:\/\/www.manci.com.tr\/en\/bize-ulasin\/","title":{"rendered":"\ud83d\udcdeCONTACT US"},"content":{"rendered":"<p><span style=\"color: #ff0000;\">ADDRESS<\/span> : \u0130STANBUL DER\u0130 ORGAN\u0130ZE SANAY\u0130 B\u00d6LGES\u0130 15.YOL 9\/1\u00c7 \u00d6ZEL PARSEL SIR\u00c7A SOKAK NO:8<\/p>\n<p>\u0130STANBUL-T\u00dcRK\u0130YE<\/p>\n<p>TEL : 0090 216 394 02 08<\/p>\n<p>FAX : 0090 216 394 01 96<\/p>\n<p>MOBILE : 0090 533 712 62 45<\/p>\n","protected":false},"excerpt":{"rendered":"<p>ADDRESS : \u0130STANBUL DER\u0130 ORGAN\u0130ZE SANAY\u0130 B\u00d6LGES\u0130 15.YOL 9\/1\u00c7 \u00d6ZEL PARSEL SIR\u00c7A SOKAK NO:8 \u0130STANBUL-T\u00dcRK\u0130YE TEL : 0090 216 394 02 08 [&hellip;]<\/p>\n","protected":false},"author":1,"featured_media":0,"parent":0,"menu_order":0,"comment_status":"closed","ping_status":"closed","template":"page-templates\/page_fullwidth.php","meta":{"footnotes":""},"class_list":["post-9","page","type-page","status-publish","hentry"],"translation":{"provider":"WPGlobus","version":"3.0.2","language":"en","enabled_languages":["tr","en"],"languages":{"tr":{"title":true,"content":true,"excerpt":false},"en":{"title":false,"content":false,"excerpt":false}}},"_links":{"self":[{"href":"https:\/\/www.manci.com.tr\/en\/wp-json\/wp\/v2\/pages\/9","targetHints":{"allow":["GET"]}}],"collection":[{"href":"https:\/\/www.manci.com.tr\/en\/wp-json\/wp\/v2\/pages"}],"about":[{"href":"https:\/\/www.manci.com.tr\/en\/wp-json\/wp\/v2\/types\/page"}],"author":[{"embeddable":true,"href":"https:\/\/www.manci.com.tr\/en\/wp-json\/wp\/v2\/users\/1"}],"replies":[{"embeddable":true,"href":"https:\/\/www.manci.com.tr\/en\/wp-json\/wp\/v2\/comments?post=9"}],"version-history":[{"count":5,"href":"https:\/\/www.manci.com.tr\/en\/wp-json\/wp\/v2\/pages\/9\/revisions"}],"predecessor-version":[{"id":308,"href":"https:\/\/www.manci.com.tr\/en\/wp-json\/wp\/v2\/pages\/9\/revisions\/308"}],"wp:attachment":[{"href":"https:\/\/www.manci.com.tr\/en\/wp-json\/wp\/v2\/media?parent=9"}],"curies":[{"name":"wp","href":"https:\/\/api.w.org\/{rel}","templated":true}]}}