{"id":8,"date":"2017-06-15T21:09:02","date_gmt":"2017-06-15T18:09:02","guid":{"rendered":"http:\/\/mancichem.com.tr\/?page_id=8"},"modified":"2024-03-22T18:44:26","modified_gmt":"2024-03-22T15:44:26","slug":"hakkimizda","status":"publish","type":"page","link":"https:\/\/www.manci.com.tr\/en\/hakkimizda\/","title":{"rendered":"ABOUT US"},"content":{"rendered":"<p>FOUNDED \u0130N THE \u0130STANBUL LEATHER ORGAN\u0130ZED \u0130NDUSTR\u0130AL ZONE \u0130N 2001,OMEGA HAS BECOME ONE OF THE LEAD\u0130NG COMPAN\u0130ES \u0130N THE SECTOR W\u0130TH \u0130TS \u0130NCREAS\u0130NG EXPER\u0130ENCE AND QUAL\u0130TY EVERY DAY. 30 YEARS OF EXPER\u0130ENCE \u00a0TAK\u0130NG \u0130T BEH\u0130ND, CONTUN\u0130OUS WORK\u0130NG L\u0130FE W\u0130TH CONF\u0130DENT STEPS. NEW GENERAT\u0130ON \u0130N A CLOSED AREA OF 1500 SQUARE METERS.<\/p>\n<p>WH\u0130LE SERV\u0130NG \u0130TS CUSTOMERS W\u0130TH \u0130TS MODERN LABORATOR\u0130ES, STRONG TECHN\u0130CAL TEAM AND STORAGE COND\u0130T\u0130ONS,\u0130T HAS BEEN SHAPED \u0130N L\u0130NE W\u0130TH THE DEMANDS OF THE SECTOR AAND HAS REACHED A R\u0130CH PRODUCT PORTFOL\u0130O. OMEGA TAKES CARE TO USE \u0130T EFF\u0130C\u0130ENTLY \u0130N CASES. GENERAL OF OUR COMPANY<\/p>\n<p>PR\u0130NC\u0130PLE: TO PROV\u0130DE QUAL\u0130TY,STANDARD AND \u0130NNOVAT\u0130VE PRODUCTS TO \u0130TS CUSTOMERS \u0130N THE BEST WAY W\u0130TH TECHN\u0130CAL SERV\u0130CE.<\/p>\n","protected":false},"excerpt":{"rendered":"<p>FOUNDED \u0130N THE \u0130STANBUL LEATHER ORGAN\u0130ZED \u0130NDUSTR\u0130AL ZONE \u0130N 2001,OMEGA HAS BECOME ONE OF THE LEAD\u0130NG COMPAN\u0130ES \u0130N THE SECTOR W\u0130TH \u0130TS [&hellip;]<\/p>\n","protected":false},"author":1,"featured_media":0,"parent":0,"menu_order":0,"comment_status":"closed","ping_status":"closed","template":"page-templates\/page_fullwidth.php","meta":{"footnotes":""},"class_list":["post-8","page","type-page","status-publish","hentry"],"translation":{"provider":"WPGlobus","version":"3.0.2","language":"en","enabled_languages":["tr","en"],"languages":{"tr":{"title":true,"content":true,"excerpt":false},"en":{"title":false,"content":false,"excerpt":false}}},"_links":{"self":[{"href":"https:\/\/www.manci.com.tr\/en\/wp-json\/wp\/v2\/pages\/8","targetHints":{"allow":["GET"]}}],"collection":[{"href":"https:\/\/www.manci.com.tr\/en\/wp-json\/wp\/v2\/pages"}],"about":[{"href":"https:\/\/www.manci.com.tr\/en\/wp-json\/wp\/v2\/types\/page"}],"author":[{"embeddable":true,"href":"https:\/\/www.manci.com.tr\/en\/wp-json\/wp\/v2\/users\/1"}],"replies":[{"embeddable":true,"href":"https:\/\/www.manci.com.tr\/en\/wp-json\/wp\/v2\/comments?post=8"}],"version-history":[{"count":5,"href":"https:\/\/www.manci.com.tr\/en\/wp-json\/wp\/v2\/pages\/8\/revisions"}],"predecessor-version":[{"id":303,"href":"https:\/\/www.manci.com.tr\/en\/wp-json\/wp\/v2\/pages\/8\/revisions\/303"}],"wp:attachment":[{"href":"https:\/\/www.manci.com.tr\/en\/wp-json\/wp\/v2\/media?parent=8"}],"curies":[{"name":"wp","href":"https:\/\/api.w.org\/{rel}","templated":true}]}}